{"id":250,"date":"2013-10-21T14:03:45","date_gmt":"2013-10-21T13:03:45","guid":{"rendered":"http:\/\/www.villacelony.com\/?page_id=250"},"modified":"2013-11-27T11:51:06","modified_gmt":"2013-11-27T10:51:06","slug":"virtual-office","status":"publish","type":"page","link":"http:\/\/www.villacelony.com\/en\/our-services\/virtual-office\/","title":{"rendered":"Virtual Office"},"content":{"rendered":"<p><div class=\"one-half\"><span class=\"dropcaps-normal\">D<\/span>omiciliation commerciale ou si\u00e8ge social, nous offrons un large choix de possibilit\u00e9s pour pouvoir r\u00e9pondre \u00e0 vos attentes que vous envisagiez de cr\u00e9er, de transf\u00e9rer ou d&#8217;\u00e9tendre votre activit\u00e9.<\/p>\n<p>En ce qui concerne le\u00a0<strong>courrier<\/strong>, nous assurons sa r\u00e9ception, sa mise \u00e0 disposition, sa r\u00e9exp\u00e9dition ou son suivi. Nous assurons \u00e9galement la gestion de vos <strong>recommand\u00e9s<\/strong>, plis d&#8217;huissiers et la r\u00e9ception de vos <strong>colis<\/strong>.<\/p>\n<p>Nous nous occupons de la r\u00e9ception de vos <strong>visiteurs<\/strong>, qu&#8217;ils soient clients, fournisseurs, simples d\u00e9marcheurs ou visiteurs importuns.<\/div><div class=\"one-half last\"><div class=\"framed-box\" style=\"background-color: #ffffff; color: #737373;\"><strong>Avantages<\/strong><\/p>\n<p>Vos vies professionnelle et personnelle sont bien distinctes. Plus besoin de transf\u00e9rer votre si\u00e8ge vers une adresse commerciale en cas de d\u00e9m\u00e9nagement de domicile priv\u00e9.<\/p>\n<p>Vous \u00e9conomisez les frais li\u00e9s aux formalit\u00e9s de transfert et ceux n\u00e9cessaires pour changer vos plaquettes, votre papier \u00e0 en-t\u00eate et vos cartes de visite.\u00a0<\/div><\/div><div class=\"clearfix\"><\/div><\/p>\n<h2>L\u00e9gislation<\/h2>\n<p>La domiciliation commerciale vous permet, conform\u00e9ment au\u00a0<a title=\"Site Legifrance\" href=\"http:\/\/www.legifrance.gouv.fr\/affichTexte.do?cidTexte=JORFTEXT000000507467&amp;dateTexte=20090621\" target=\"_blank\">d\u00e9cret n\u00b085-1280 du 05\/12\/1985<\/a>\u00a0de\u00a0<strong>disposer d&#8217;une adresse commerciale pour votre si\u00e8ge social<\/strong>, votre \u00e9tablissement\u00a0<strong>secondaire<\/strong>\u00a0ou votre\u00a0<strong>bureau<\/strong>\u00a0de repr\u00e9sentation ou votre succursale dans le cas d&#8217;une soci\u00e9t\u00e9 \u00e9trang\u00e8re.<\/p>\n<p>L&#8217;utilisation de votre adresse est imm\u00e9diate.<\/p>\n<p><strong>Notre num\u00e9ro d&#8217;agr\u00e9ment<\/strong> :\u00a0<strong><a title=\"R\u00e8glementation\" href=\"http:\/\/www.villacelony.com\/reglementation\/\">2010 \/ AEFDJ \/ 13 \/ 032<\/a><\/strong><\/p>\n<p><span class=\"icon-text icon-link\"><strong>Important<\/strong><\/span> : <a title=\"R\u00e8glementation\" href=\"http:\/\/www.villacelony.com\/reglementation\/\">toute la r\u00e9glementation<\/a>\u00a0li\u00e9e aux domiciliations.<\/p>\n<p>&nbsp;<\/p>\n<h2>Nos tarifs domiciliations<\/h2>\n<p>&nbsp;<\/p>\n<div class=\"styled-table\"><\/p>\n<table>\n<thead>\n<tr>\n<th>Domiciliation<\/th>\n<th>\u20ac HT \/ mois*<\/th>\n<th><\/th>\n<\/tr>\n<\/thead>\n<tbody>\n<tr>\n<td>Domiciliation si\u00e8ge social\u00a0sans r\u00e9exp\u00e9dition<\/td>\n<td><strong>42,00<\/strong><\/td>\n<td>le courrier reste \u00e0 votre disposition \u00e0 la Villa<\/td>\n<\/tr>\n<tr>\n<td>Domiciliation si\u00e8ge social\u00a0avec r\u00e9exp\u00e9dition<\/td>\n<td><strong>48,00<\/strong><\/td>\n<td>hors frais d\u2019affranchissement<\/td>\n<\/tr>\n<tr>\n<td>Domiciliation commerciale sans r\u00e9exp\u00e9dition<\/td>\n<td><strong>42,00<\/strong><\/td>\n<td>le courrier reste \u00e0 votre disposition\u00a0\u00e0 la Villa<\/td>\n<\/tr>\n<tr>\n<td>Domiciliation commerciale avec r\u00e9exp\u00e9dition<\/td>\n<td><strong>48,00<\/strong><\/td>\n<td>hors frais d\u2019affranchissement<\/td>\n<\/tr>\n<tr>\n<td>Domiciliation postale\u00a0sans r\u00e9exp\u00e9dition<\/td>\n<td><strong>35,00<\/strong><\/td>\n<td>le courrier reste \u00e0 votre disposition\u00a0\u00e0 la Villa<\/td>\n<\/tr>\n<tr>\n<td>Domiciliation postale\u00a0avec r\u00e9exp\u00e9dition<\/td>\n<td><strong>38,00<\/strong><\/td>\n<td>hors frais d\u2019affranchissement<\/td>\n<\/tr>\n<tr>\n<td>Suivi courrier<\/td>\n<td><strong>25,00<\/strong><\/td>\n<td><em>tarif\u00a0\u00e0 partir de<\/em><\/td>\n<\/tr>\n<\/tbody>\n<tfoot>\n<tr>\n<td colspan=\"3\">*<em>Tarifs de nos prestations domiciliations<\/em><\/td>\n<\/tr>\n<\/tfoot>\n<\/table>\n<p><\/div>\n<span class=\"icon-text icon-link\"><a title=\"Tarifs\" href=\"http:\/\/www.villacelony.com\/tarifs\/\">TOUS NOS TARIFS<\/a><\/span>\n","protected":false},"excerpt":{"rendered":"<p>L\u00e9gislation La domiciliation commerciale vous permet, conform\u00e9ment au\u00a0d\u00e9cret n\u00b085-1280 du 05\/12\/1985\u00a0de\u00a0disposer d&#8217;une adresse commerciale pour votre si\u00e8ge social, votre \u00e9tablissement\u00a0secondaire\u00a0ou votre\u00a0bureau\u00a0de repr\u00e9sentation ou votre succursale dans le cas d&#8217;une soci\u00e9t\u00e9&#8230;<\/p>\n","protected":false},"author":1,"featured_media":0,"parent":246,"menu_order":1,"comment_status":"closed","ping_status":"closed","template":"page-features.php","meta":[],"_links":{"self":[{"href":"http:\/\/www.villacelony.com\/en\/wp-json\/wp\/v2\/pages\/250"}],"collection":[{"href":"http:\/\/www.villacelony.com\/en\/wp-json\/wp\/v2\/pages"}],"about":[{"href":"http:\/\/www.villacelony.com\/en\/wp-json\/wp\/v2\/types\/page"}],"author":[{"embeddable":true,"href":"http:\/\/www.villacelony.com\/en\/wp-json\/wp\/v2\/users\/1"}],"replies":[{"embeddable":true,"href":"http:\/\/www.villacelony.com\/en\/wp-json\/wp\/v2\/comments?post=250"}],"version-history":[{"count":0,"href":"http:\/\/www.villacelony.com\/en\/wp-json\/wp\/v2\/pages\/250\/revisions"}],"up":[{"embeddable":true,"href":"http:\/\/www.villacelony.com\/en\/wp-json\/wp\/v2\/pages\/246"}],"wp:attachment":[{"href":"http:\/\/www.villacelony.com\/en\/wp-json\/wp\/v2\/media?parent=250"}],"curies":[{"name":"wp","href":"https:\/\/api.w.org\/{rel}","templated":true}]}}