{"id":234,"date":"2013-10-21T13:16:04","date_gmt":"2013-10-21T12:16:04","guid":{"rendered":"http:\/\/www.villacelony.com\/?page_id=234"},"modified":"2013-11-28T17:02:41","modified_gmt":"2013-11-28T16:02:41","slug":"villa-celony","status":"publish","type":"page","link":"http:\/\/www.villacelony.com\/es\/","title":{"rendered":"Inicio"},"content":{"rendered":"<div class=\"one-half\">\n<h1>Villa C\u00e9lony<\/h1>\n<p><strong>Centre d\u2019Affaires et Domiciliations \u00e0 Aix en Provence\u00a0<\/strong><\/p>\n<p>Tr\u00e8s accessible, id\u00e9alement situ\u00e9 en sortie d&#8217;Aix en Provence, sur un grand <strong>parking priv\u00e9<\/strong>, le Centre d&#8217;Affaires et Domiciliations Villa C\u00e9lony, \u00e0 taille humaine, offre de multiples avantages, sans les inconv\u00e9nients des centres nationaux.<\/p>\n<p>Domiciliation, secr\u00e9tariat, standard t\u00e9l\u00e9phonique et location de bureaux : nous accompagnons les entreprises pendant toute leur dur\u00e9e de vie, de leur cr\u00e9ation \u00e0 leur expansion g\u00e9ographique.<\/p>\n<p><a style=\"background-color: #ffca9e\" class=\"action-button\" href=\"http:\/\/www.villacelony.com\/es\/servicios\/\" rel=\"\">Servicios<\/a> <a style=\"background-color: #ffca9e\" class=\"action-button\" href=\"http:\/\/www.villacelony.com\/es\/contacto\/\" rel=\"\">Map<\/a> <\/div><div class=\"one-half last\"><span class=\"framed-img \"><img decoding=\"async\" loading=\"lazy\" class=\"alignnone size-full wp-image-301\" alt=\"La villa\" src=\"http:\/\/www.villacelony.com\/wp-content\/uploads\/la-villa.jpg\" width=\"450\" height=\"292\" srcset=\"http:\/\/www.villacelony.com\/wp-content\/uploads\/la-villa.jpg 450w, http:\/\/www.villacelony.com\/wp-content\/uploads\/la-villa-300x194.jpg 300w\" sizes=\"(max-width: 450px) 100vw, 450px\" \/><\/span><\/div><div class=\"clearfix\"><\/div><div style=\"padding-bottom: 30px; margin-top: 15px;\" class=\"line-divider\"><\/div><div class=\"one-fourth\"><\/p>\n<p><a title=\"Oficinas virtuales\" href=\"http:\/\/www.villacelony.com\/es\/servicios\/oficinas-virtuales\/\"><img decoding=\"async\" loading=\"lazy\" alt=\"Domiciliations et centre d'affaires\" src=\"http:\/\/www.villacelony.com\/wp-content\/uploads\/services-domiciliation-villa.png\" rel=\"PrettyPhoto[234]\" width=\"200\" height=\"140\" \/><\/a><\/p>\n<h5>Oficinas virtuales<\/h5>\n<p>Si\u00e8ge social, domiciliation commerciale ou domiciliation postale.<\/div><div class=\"one-fourth\"><\/p>\n<p><a title=\"Atenci\u00f3n telef\u00f3nica\" href=\"http:\/\/www.villacelony.com\/es\/servicios\/atencion-telefonica\/\"><img decoding=\"async\" loading=\"lazy\" alt=\"Secr\u00e9tariat t\u00e9l\u00e9phonique\" src=\"http:\/\/www.villacelony.com\/wp-content\/uploads\/services-secretariat-tel-villa.png\" rel=\"PrettyPhoto[234]\" width=\"200\" height=\"140\" \/><\/a><\/p>\n<h5>Atenci\u00f3n telef\u00f3nica<\/h5>\n<p>Permanence t\u00e9l\u00e9phonique, prise de rendez-vous, gestion d&#8217;agenda, secr\u00e9tariat t\u00e9l\u00e9phonique m\u00e9dical.<\/div><div class=\"one-fourth\"><\/p>\n<p><a title=\"Secretar\u00eda\" href=\"http:\/\/www.villacelony.com\/es\/servicios\/secretaria\/\"><img decoding=\"async\" loading=\"lazy\" alt=\"Prestations administratives\" src=\"http:\/\/www.villacelony.com\/wp-content\/uploads\/services-presta-admin-villa.png\" rel=\"PrettyPhoto[234]\" width=\"200\" height=\"140\" \/><\/a><\/p>\n<h5>Secretar\u00eda<\/h5>\n<p>Tous travaux de secr\u00e9tariat, bureautique, mailing.<\/div><div class=\"one-fourth last\"><\/p>\n<p><a title=\"Alquiler de oficinas\" href=\"http:\/\/www.villacelony.com\/es\/servicios\/alquiler-oficinas\/\"><img decoding=\"async\" loading=\"lazy\" alt=\"Location de bureaux \u00e9quip\u00e9s avec acc\u00e8s Internet et climatisation r\u00e9versible\" src=\"http:\/\/www.villacelony.com\/wp-content\/uploads\/services-location-bureaux-villa.png\" rel=\"PrettyPhoto[234]\" width=\"200\" height=\"140\" \/><\/a><\/p>\n<h5>Alquiler de oficinas<\/h5>\n<p>6 bureaux enti\u00e8rement \u00e9quip\u00e9s, dans un environnement calme et convivial.<\/div><div class=\"clearfix\"><\/div><div class=\"one-third\"><div class=\"framed-box\" style=\"background-color: #ffffff; color: #737373;\"><\/p>\n<h4>Cr\u00e9ateur d&#8217;entreprise ?<\/h4>\n<p>Nous vous proposons des solutions pour vous accompagner pour l&#8217;immatriculation de votre structure, et tout au long de son existence.<\/p>\n<p><strong>D\u00e9couvrez nos\u00a0<a title=\"Packs\" href=\"http:\/\/www.villacelony.com\/es\/packs\/\">packs sur-mesure<\/a><\/strong><\/div><\/div><div class=\"one-third\"><div class=\"framed-box\" style=\"background-color: #ffffff; color: #737373;\"><\/p>\n<h4>Service de conciergerie<\/h4>\n<p>Vous manquez de temps entre votre agenda professionnel et personnel\u00a0? Villa C\u00e9lony peut vous soulager et <a title=\"Porter\u00eda\" href=\"http:\/\/www.villacelony.com\/es\/servicios\/porteria\/\"><strong>vous faire gagner un temps pr\u00e9cieux<\/strong><\/a>. Vous pourrez ainsi profiter pleinement de votre temps personnel sans stress.<\/div><\/div><div class=\"one-third last\"><div class=\"framed-box\" style=\"background-color: #ffffff; color: #737373;\"><\/p>\n<h4>Contact<\/h4>\n<p>1175 mont\u00e9e d&#8217;Avignon<br \/>\n13090 Aix-en-Provence<br \/>\nTel : <strong>04 42 96 33 62<\/strong><br \/>\nMob : <strong>06 68 66 11 75<\/strong><br \/>\nemail:\u00a0<strong><a title=\"Contact email\" href=\"mailto:contact@villacelony.com\" target=\"_blank\">contact@villacelony.com<\/a><\/strong><br \/>\n<strong><a title=\"Google Maps\" href=\"http:\/\/goo.gl\/maps\/fYQlf\" target=\"_blank\">Acceso<\/a><\/strong><\/div><\/div><div class=\"clearfix\"><\/div><\/p>\n","protected":false},"excerpt":{"rendered":"","protected":false},"author":1,"featured_media":0,"parent":0,"menu_order":0,"comment_status":"closed","ping_status":"closed","template":"full-width-page.php","meta":[],"_links":{"self":[{"href":"http:\/\/www.villacelony.com\/es\/wp-json\/wp\/v2\/pages\/234"}],"collection":[{"href":"http:\/\/www.villacelony.com\/es\/wp-json\/wp\/v2\/pages"}],"about":[{"href":"http:\/\/www.villacelony.com\/es\/wp-json\/wp\/v2\/types\/page"}],"author":[{"embeddable":true,"href":"http:\/\/www.villacelony.com\/es\/wp-json\/wp\/v2\/users\/1"}],"replies":[{"embeddable":true,"href":"http:\/\/www.villacelony.com\/es\/wp-json\/wp\/v2\/comments?post=234"}],"version-history":[{"count":0,"href":"http:\/\/www.villacelony.com\/es\/wp-json\/wp\/v2\/pages\/234\/revisions"}],"wp:attachment":[{"href":"http:\/\/www.villacelony.com\/es\/wp-json\/wp\/v2\/media?parent=234"}],"curies":[{"name":"wp","href":"https:\/\/api.w.org\/{rel}","templated":true}]}}