{"id":240,"date":"2013-10-28T19:14:23","date_gmt":"2013-10-28T18:14:23","guid":{"rendered":"http:\/\/www.villacelony.com\/?page_id=240"},"modified":"2013-11-28T16:28:36","modified_gmt":"2013-11-28T15:28:36","slug":"aviso-legal","status":"publish","type":"page","link":"http:\/\/www.villacelony.com\/es\/aviso-legal\/","title":{"rendered":"Aviso legal"},"content":{"rendered":"<h2>Editeur<\/h2>\n<p>Le site Web Villa Celony est \u00e9dit\u00e9 par\u00a0Villa Celony SARL.<br \/>\n1175, mont\u00e9e d&#8217;Avignon<br \/>\n13090 AIX en PROVENCE<br \/>\nTel:\u00a004 42 96 33 62<br \/>\n@:\u00a0<a href=\"mailto:contact@villacelony.com\">contact@villacelony.com<\/a><br \/>\nDirecteur de la publication:\u00a0Sylviane Courtois<\/p>\n<h2>H\u00e9bergeur<\/h2>\n<p>Le site Web Villa Celony\u00a0\u00a0est h\u00e9berg\u00e9 par la soci\u00e9t\u00e9\u00a0<a title=\"OVH\" href=\"http:\/\/www.ovh.com\/\" target=\"_blank\">OVH<\/a>\u00a0140 Quai du Sartel \u2013 59100 Roubaix \u2013 France.<\/p>\n<h2>Utilisation des\u00a0cookies<\/h2>\n<p>Les internautes du site Web Villa Celony\u00a0\u00a0sont inform\u00e9s que, lors de l\u2019acc\u00e8s \u00e0 ce site, des informations (cookies) peuvent \u00eatre temporairement conserv\u00e9es en m\u00e9moire ou sur leur disque dur.<\/p>\n<p>Un cookie ne permet pas d\u2019identifier l\u2019utilisateur; en revanche, il enregistre des informations relatives \u00e0 la navigation de son ordinateur sur notre site (les pages qu\u2019il a consult\u00e9es, la date et l\u2019heure de la consultation, etc.) que nous pourrons lire lors de ses visites ult\u00e9rieures. La dur\u00e9e de conservation de ces informations dans son ordinateur peut aller jusqu\u2019\u00e0 2 ans.<\/p>\n<p>Les internautes du site reconnaissent avoir \u00e9t\u00e9 inform\u00e9s de cette pratique et autorisent Villa Celony\u00a0\u00e0 l\u2019employer. Ils peuvent par ailleurs <strong>s\u2019opposer \u00e0 l\u2019enregistrement de\u00a0cookies<\/strong>\u00a0en employant pour cela les fonctionnalit\u00e9s correspondantes sur leur navigateur, dans les options appropri\u00e9es.<\/p>\n<h2>Droits d\u2019auteur<\/h2>\n<p>L\u2019ensemble de ce site rel\u00e8ve de la l\u00e9gislation fran\u00e7aise et internationale sur le droit d\u2019auteur et la propri\u00e9t\u00e9 intellectuelle. Tous les droits de reproduction et de repr\u00e9sentation sont r\u00e9serv\u00e9s, y compris pour les documents t\u00e9l\u00e9chargeables et les repr\u00e9sentations iconographiques et photographiques. La reproduction de tout ou partie de ce site sur un support \u00e9lectronique quel qu\u2019il soit est formellement interdite sauf mention contraire et autorisation expresse du directeur de la publication.<\/p>\n<p><strong>Cr\u00e9dits Photos<\/strong><\/p>\n<p>Sylviane Courtois<\/p>\n<h2>Cr\u00e9ation<\/h2>\n<p>Le site Web est propuls\u00e9 par\u00a0<a title=\"WordPress, Blog tool and Publishing Platform\" href=\"http:\/\/www.wordpress.org\/\" target=\"_blank\">WordPress<\/a>.<br \/>\nIl est cr\u00e9\u00e9 et maintenu par la soci\u00e9t\u00e9\u00a0<a title=\"AK Conception | Sites Internet - R\u00e9f\u00e9rencement, SEO - Supports de communication - Conseils\" href=\"http:\/\/www.ak-conception.fr\/\" target=\"_blank\">AK Conception<\/a>\u00a0\u2013 Chemin de la coop\u00e9rative \u2013 13250 Cornillon Confoux \u2013 07 81 06 85 87.<br \/>\nIl est optimis\u00e9 pour les navigateurs\u00a0<a title=\"T\u00e9l\u00e9charger Chrome\" href=\"https:\/\/www.google.com\/intl\/fr\/chrome\/browser\/?hl=fr\" target=\"_blank\">Google Chrome<\/a>,\u00a0<a title=\"T\u00e9l\u00e9charger Firefox\" href=\"http:\/\/www.mozilla.org\/fr\/firefox\/new\/\" target=\"_blank\">Mozilla Firefox<\/a>,\u00a0<a title=\"T\u00e9l\u00e9charger Safari\" href=\"http:\/\/www.apple.com\/fr\/safari\/\" target=\"_blank\">Apple Safari<\/a>,\u00a0<a title=\"T\u00e9l\u00e9charger IE9\" href=\"http:\/\/www.microsoft.com\/france\/windows\/internet-explorer\/telecharger-ie9.aspx\" target=\"_blank\">Internet Explorer 9<\/a>+.<br \/>\nPour toute question ou remarque, contactez le\u00a0<a href=\"mailto:akconception@gmail.com\">webmaster<\/a>.<\/p>\n<h2>Loi informatique et libert\u00e9s<\/h2>\n<p>Les donn\u00e9es transmises \u00e0 Villa C\u00e9lony par le biais du formulaire de contact ne sont utilis\u00e9es que pour la prise d\u2019un rendez-vous (t\u00e9l\u00e9phonique ou physique) et ne sont soumises \u00e0 aucun tiers.<\/p>\n<p>Cependant, conform\u00e9ment \u00e0 l\u2019article 34 de la loi \u00ab\u00a0Informatique et Libert\u00e9s\u00a0\u00bb, vous disposez d\u2019un droit d\u2019acc\u00e8s, de modification, de rectification et de suppression des donn\u00e9es qui vous concernent. Pour exercer ce droit d\u2019acc\u00e8s, vous pouvez effectuer la demande en envoyant un email \u00e0\u00a0<a title=\"Contacter Villa C\u00e9lony\" href=\"mailto:contact@villacelony.com\">contact@villacelony.com<\/a>.<\/p>\n<p>Plus d\u2019informations sur la loi \u00ab\u00a0Informatique et Libert\u00e9s\u00a0\u00bb sur le site Internet de la CNIL.<\/p>\n<h2>Informations l\u00e9gales<\/h2>\n<p>Villa C\u00e9lony est une SARL au capital social de 7500 \u20ac<br \/>\nCode APE 7022Z<br \/>\nRCS\u00a0Aix-en-Provence B 449 768 316<br \/>\nSIRET\u00a0449 768 316 00019<\/p>\n<p>Agr\u00e9ment num\u00e9ro : 2010 \/ AEFDJ \/ 13 \/ 032<\/p>\n<p>Si\u00e8ge social :<br \/>\n1175 Montee d&#8217;Avignon<br \/>\n13090 Aix-en-Provence<br \/>\ntel\u00a0: +33\u00a04 42 96 33 62<\/p>\n<p>&nbsp;<\/p>\n<p><span class=\"icon-text icon-link\"><strong>Important<\/strong><\/span> :\u00a0<a title=\"R\u00e8glementation\" href=\"http:\/\/www.villacelony.com\/reglementation\/\">toute la r\u00e9glementation<\/a>\u00a0li\u00e9e aux domiciliations.<\/p>\n","protected":false},"excerpt":{"rendered":"<p>Editeur Le site Web Villa Celony est \u00e9dit\u00e9 par\u00a0Villa Celony SARL. 1175, mont\u00e9e d&#8217;Avignon 13090 AIX en PROVENCE Tel:\u00a004 42 96 33 62 @:\u00a0contact@villacelony.com Directeur de la publication:\u00a0Sylviane Courtois H\u00e9bergeur&#8230;<\/p>\n","protected":false},"author":1,"featured_media":0,"parent":0,"menu_order":6,"comment_status":"closed","ping_status":"closed","template":"","meta":[],"_links":{"self":[{"href":"http:\/\/www.villacelony.com\/es\/wp-json\/wp\/v2\/pages\/240"}],"collection":[{"href":"http:\/\/www.villacelony.com\/es\/wp-json\/wp\/v2\/pages"}],"about":[{"href":"http:\/\/www.villacelony.com\/es\/wp-json\/wp\/v2\/types\/page"}],"author":[{"embeddable":true,"href":"http:\/\/www.villacelony.com\/es\/wp-json\/wp\/v2\/users\/1"}],"replies":[{"embeddable":true,"href":"http:\/\/www.villacelony.com\/es\/wp-json\/wp\/v2\/comments?post=240"}],"version-history":[{"count":0,"href":"http:\/\/www.villacelony.com\/es\/wp-json\/wp\/v2\/pages\/240\/revisions"}],"wp:attachment":[{"href":"http:\/\/www.villacelony.com\/es\/wp-json\/wp\/v2\/media?parent=240"}],"curies":[{"name":"wp","href":"https:\/\/api.w.org\/{rel}","templated":true}]}}