{"id":259,"date":"2013-10-21T14:10:00","date_gmt":"2013-10-21T13:10:00","guid":{"rendered":"http:\/\/www.villacelony.com\/?page_id=259"},"modified":"2016-07-02T19:39:19","modified_gmt":"2016-07-02T18:39:19","slug":"secretaria","status":"publish","type":"page","link":"http:\/\/www.villacelony.com\/es\/servicios\/secretaria\/","title":{"rendered":"Secretar\u00eda"},"content":{"rendered":"<p><div class=\"one-half\"><span class=\"dropcaps-normal\">V<\/span>otre secr\u00e9tariat pourrait \u00eatre pris en charge, de fa\u00e7on ponctuelle ou permanente, selon vos besoins.<\/p>\n<p>Nos prestations vous sont propos\u00e9es \u00e0 moindre co\u00fbt, vous avez ainsi un\u00a0<strong>secr\u00e9tariat efficace\u00a0<\/strong>vous accompagnant pendant toute la mont\u00e9e en puissance de votre activit\u00e9, sur les domaines les plus divers (juridique, artisans, PME, particuliers, m\u00e9dical).<\/p>\n<p>Villa C\u00e9lony s&#8217;engage sur la qualit\u00e9 du travail et le respect des d\u00e9lais. Les consignes peuvent \u00eatre transmises par t\u00e9l\u00e9phone, fax, Internet ou par \u00e9crit.<\/div><div class=\"one-half last\"><div class=\"framed-box\" style=\"background-color: #ffffff; color: #737373;\"><\/p>\n<p><strong>Avantages<\/strong><\/p>\n<p>La r\u00e9duction de vos charges fixes.<\/p>\n<p>Un interlocuteur unique pour vos prestations administratives, juridiques et sociales et fiscales.<\/div><\/div><div class=\"clearfix\"><\/div>Vous avez un surcro\u00eet d&#8217;activit\u00e9 ? N&#8217;h\u00e9sitez pas \u00e0 solliciter notre aide, Villa C\u00e9lony propose des services de gestion et de secr\u00e9tariat pour vous aider \u00e0 g\u00e9rer vos imp\u00e9ratifs et vos impr\u00e9vus.<br \/>\n<img decoding=\"async\" loading=\"lazy\" title=\"Travaux dactylographiques\" src=\"http:\/\/www.villacelony.com\/wp-content\/uploads\/services-admin-dactylo.png\" alt=\"Travaux dactylographiques\" width=\"85\" height=\"85\" \/>\u00a0<img decoding=\"async\" loading=\"lazy\" title=\"Rapports, comptes-rendus, retranscription, relieuse\" src=\"http:\/\/www.villacelony.com\/wp-content\/uploads\/services-admin-rapports.png\" alt=\"Rapports, comptes-rendus, relieuse\" width=\"85\" height=\"85\" \/>\u00a0<img decoding=\"async\" loading=\"lazy\" title=\"Retranscription de fichiers audio\" src=\"http:\/\/www.villacelony.com\/wp-content\/uploads\/services-admin-retranscription.png\" alt=\"Retranscription de fichiers audio\" width=\"85\" height=\"85\" \/>\u00a0<img decoding=\"async\" loading=\"lazy\" title=\"Gestion des t\u00e9l\u00e9copies \/ fax\" src=\"http:\/\/www.villacelony.com\/wp-content\/uploads\/services-admin-fax.png\" alt=\"Exp\u00e9dition et r\u00e9ception de fax\" width=\"85\" height=\"85\" \/><img decoding=\"async\" loading=\"lazy\" title=\"Impressions couleurs et noir et blanc, A4 et A3\" src=\"http:\/\/www.villacelony.com\/wp-content\/uploads\/services-admin-impressions.png\" alt=\"Impressions A4 et A3\" width=\"85\" height=\"85\" \/>\u00a0<img decoding=\"async\" loading=\"lazy\" title=\"Scans et photocopies\" src=\"http:\/\/www.villacelony.com\/wp-content\/uploads\/services-admin-copies-scan.png\" alt=\"Scans et photocopies\" width=\"85\" height=\"85\" \/>\u00a0<img decoding=\"async\" loading=\"lazy\" title=\"Publipostage et emailings\" src=\"http:\/\/www.villacelony.com\/wp-content\/uploads\/services-admin-mailings.png\" alt=\"Publipostage et emailings\" width=\"85\" height=\"85\" \/><img decoding=\"async\" loading=\"lazy\" title=\"D\u00e9marches administratives et sociales\" src=\"http:\/\/www.villacelony.com\/wp-content\/uploads\/services-admin-demarches.png\" alt=\"Assistance administrative\" width=\"85\" height=\"85\" \/><div class=\"one-half\"><\/p>\n<h2>Prestations<br \/>\ntraditionnelles<\/h2>\n<div class=\"accordion\"><div class=\"tab\">Secr\u00e9tariat-bureautique<\/div><div class=\"pane\"><\/p>\n<ul>\n<li>Nous assurons tous travaux de dactylographie (proc\u00e8s-verbaux, rapports et comptes rendus, courriers, devis et factures, tarifs, CV&#8230;)<\/li>\n<li>Gestion des agendas et rendez-vous<\/li>\n<\/ul>\n<p><\/div><div class=\"tab\">Retranscription<\/div><div class=\"pane\"><\/p>\n<ul>\n<li>Retranscription de vos fichiers audio sur\u00a0supports<\/li>\n<\/ul>\n<p><\/div><div class=\"tab\">T\u00e9l\u00e9copies<\/div><div class=\"pane\"><\/p>\n<ul>\n<li>Exp\u00e9dition et R\u00e9ception<\/li>\n<\/ul>\n<p><\/div><div class=\"tab\">Copies-impressions<\/div><div class=\"pane\"><\/p>\n<ul>\n<li>Photocopieur<\/li>\n<li>Scanner<\/li>\n<li>Imprimante en couleur ou noir et blanc<\/li>\n<li>Photocopies A4 et A3<\/li>\n<li>Relieuse<\/li>\n<\/ul>\n<p><\/div><div class=\"tab\">Publipostage<\/div><div class=\"pane\"><\/p>\n<ul>\n<li>Saisie du courrier et de la base de donn\u00e9es<\/li>\n<li>Mise sous pli<\/li>\n<li>Affranchissement<\/li>\n<li>D\u00e9p\u00f4t \u00e0 la Poste<\/li>\n<\/ul>\n<p><\/div><div class=\"tab\">Mailing<\/div><div class=\"pane\"><\/p>\n<ul>\n<li>Mailing traditionnel<\/li>\n<li>e-Mailing : mailing \u00e9lectronique<\/li>\n<\/ul>\n<p><\/div><\/div><\/div><div class=\"one-half last\"><\/p>\n<h2>Gestion<br \/>\nadministrative<\/h2>\n<div class=\"accordion\"><div class=\"tab\">Assistance&nbsp;administrative<\/div><div class=\"pane\"><\/p>\n<ul>\n<li>Pour les soci\u00e9t\u00e9s pouvant \u00eatre \u00e9loign\u00e9es<\/li>\n<\/ul>\n<p><\/div><div class=\"tab\">Aide&nbsp;aux&nbsp;d\u00e9marches&nbsp;administratives<\/div><div class=\"pane\"><\/p>\n<ul>\n<li>Soci\u00e9t\u00e9s<\/li>\n<li>Particuliers<\/li>\n<\/ul>\n<p><\/div><\/div><\/div><div class=\"clearfix\"><\/div><\/p>\n<h2>Nos tarifs<\/h2>\n<p>&nbsp;<\/p>\n<div class=\"styled-table\"><\/p>\n<table>\n<thead>\n<tr>\n<th colspan=\"2\">\u00a0PRESTATIONS TRADITIONNELLES<\/th>\n<th>\u20ac HT<\/th>\n<\/tr>\n<\/thead>\n<tbody>\n<tr>\n<td>COURRIER<\/td>\n<td>Suivi courrier<\/td>\n<td><strong>25,00<\/strong><\/td>\n<\/tr>\n<tr>\n<td><\/td>\n<td>Enveloppe<\/td>\n<td><strong>0,30<\/strong><\/td>\n<\/tr>\n<tr>\n<td><\/td>\n<td>Mail envoy\u00e9<\/td>\n<td><strong>2,00<\/strong><\/td>\n<\/tr>\n<tr>\n<td>TELEPHONIE<\/td>\n<td>Fax d\u00e9part<\/td>\n<td><strong>0,50<\/strong><\/td>\n<\/tr>\n<tr>\n<td><\/td>\n<td>Fax arriv\u00e9e<\/td>\n<td><strong>0,30<\/strong><\/td>\n<\/tr>\n<tr>\n<td><\/td>\n<td>Appel \u00e9mis<\/td>\n<td><strong>1,00<\/strong><\/td>\n<\/tr>\n<tr>\n<td><\/td>\n<td>SMS envoy\u00e9<\/td>\n<td><strong>0,80<\/strong><\/td>\n<\/tr>\n<tr>\n<td>COPIES<\/td>\n<td>Impression noir et blanc<\/td>\n<td><strong>0,30<\/strong><\/td>\n<\/tr>\n<tr>\n<td><\/td>\n<td>Impression couleur<\/td>\n<td><strong>1,00<\/strong><\/td>\n<\/tr>\n<tr>\n<td><\/td>\n<td>Photocopie A4<\/td>\n<td><strong>0,15<\/strong><\/td>\n<\/tr>\n<tr>\n<td><\/td>\n<td>Photocopie A3<\/td>\n<td><strong>0,30<\/strong><\/td>\n<\/tr>\n<tr>\n<td>DACTYLO<\/td>\n<td>Dactylographie &#8211; la page<\/td>\n<td><strong>5,00<\/strong><\/td>\n<\/tr>\n<tr>\n<td><\/td>\n<td>Dactylographie &#8211; l&#8217;heure<\/td>\n<td><strong>25,00<\/strong><\/td>\n<\/tr>\n<tr>\n<td>PUBLIPOSTAGE<\/td>\n<td><\/td>\n<td><strong>sur devis<\/strong><\/td>\n<\/tr>\n<tr>\n<td>(E)MAILING<\/td>\n<td><\/td>\n<td><strong>sur devis<\/strong><\/td>\n<\/tr>\n<\/tbody>\n<tfoot>\n<tr>\n<td colspan=\"3\"><em>* Tarifs de nos prestations centre d&#8217;affaires traditionnelles.\u00a0<\/em><em><strong>Gestion administrative sur devis<\/strong><\/em><\/td>\n<\/tr>\n<\/tfoot>\n<\/table>\n<p><\/div>\n<span class=\"icon-text icon-link\"><a title=\"Tarifs\" href=\"http:\/\/www.villacelony.com\/tarifs\/\">TOUS NOS TARIFS<\/a><\/span>\n","protected":false},"excerpt":{"rendered":"<p>Vous avez un surcro\u00eet d&#8217;activit\u00e9 ? N&#8217;h\u00e9sitez pas \u00e0 solliciter notre aide, Villa C\u00e9lony propose des services de gestion et de secr\u00e9tariat pour vous aider \u00e0 g\u00e9rer vos imp\u00e9ratifs et&#8230;<\/p>\n","protected":false},"author":1,"featured_media":0,"parent":248,"menu_order":3,"comment_status":"closed","ping_status":"closed","template":"page-features.php","meta":[],"_links":{"self":[{"href":"http:\/\/www.villacelony.com\/es\/wp-json\/wp\/v2\/pages\/259"}],"collection":[{"href":"http:\/\/www.villacelony.com\/es\/wp-json\/wp\/v2\/pages"}],"about":[{"href":"http:\/\/www.villacelony.com\/es\/wp-json\/wp\/v2\/types\/page"}],"author":[{"embeddable":true,"href":"http:\/\/www.villacelony.com\/es\/wp-json\/wp\/v2\/users\/1"}],"replies":[{"embeddable":true,"href":"http:\/\/www.villacelony.com\/es\/wp-json\/wp\/v2\/comments?post=259"}],"version-history":[{"count":1,"href":"http:\/\/www.villacelony.com\/es\/wp-json\/wp\/v2\/pages\/259\/revisions"}],"predecessor-version":[{"id":909,"href":"http:\/\/www.villacelony.com\/es\/wp-json\/wp\/v2\/pages\/259\/revisions\/909"}],"up":[{"embeddable":true,"href":"http:\/\/www.villacelony.com\/es\/wp-json\/wp\/v2\/pages\/248"}],"wp:attachment":[{"href":"http:\/\/www.villacelony.com\/es\/wp-json\/wp\/v2\/media?parent=259"}],"curies":[{"name":"wp","href":"https:\/\/api.w.org\/{rel}","templated":true}]}}