{"id":694,"date":"2013-10-21T14:09:36","date_gmt":"2013-10-21T13:09:36","guid":{"rendered":"http:\/\/www.villacelony.com\/?page_id=694"},"modified":"2013-11-27T19:15:50","modified_gmt":"2013-11-27T18:15:50","slug":"atencion-telefonica","status":"publish","type":"page","link":"http:\/\/www.villacelony.com\/es\/servicios\/atencion-telefonica\/","title":{"rendered":"Atenci\u00f3n telef\u00f3nica"},"content":{"rendered":"<p><div class=\"two-third\"><span class=\"dropcaps-normal\">P<\/span>arce que l\u2019accueil t\u00e9l\u00e9phonique est le premier contact ext\u00e9rieur de votre soci\u00e9t\u00e9, Villa C\u00e9lony se substitut parfaitement \u00e0 votre assistante ou prend le relais pour repr\u00e9senter votre entreprise (profession lib\u00e9rale ou autre).<\/p>\n<ul>\n<li>Ligne personnalis\u00e9e ;<\/li>\n<li>Accueil chaleureux et professionnel ;<\/li>\n<li>Messages transmis selon votre demande et par ordre d\u2019urgence.<\/li>\n<\/ul>\n<p>&nbsp;<\/p>\n<p>Nous r\u00e9pondons sur votre\u00a0<strong>ligne personnalis\u00e9e\u00a0<\/strong>\u00a0quand vous le souhaitez et comme vous le souhaitez\u00a0: ponctuellement ou \u00e0 temps complet\u2026 Ainsi m\u00eame occup\u00e9, absent, d\u00e9bord\u00e9 ou en r\u00e9union vos appels ne sont pas perdus.<\/p>\n<p>Nous prenons vos consignes au jour le jour si besoin est, nous donnons des renseignements sur votre activit\u00e9, nous vous contactons et informons des appels re\u00e7us par la mani\u00e8re que vous aurez d\u00e9fini (mails, fax, t\u00e9l\u00e9phone, SMS).<\/div><div class=\"one-third last\"><div class=\"framed-box\" style=\"background-color: #ffffff; color: #737373;\"><strong>Avantages<\/strong><\/p>\n<p>Vos interlocuteurs ont toujours quelqu&#8217;un en ligne, et non un r\u00e9pondeur.<\/p>\n<p>Vous ne perdez aucun appel.<\/p>\n<p>Vous gagnez du temps, vous n&#8217;avez que vos appels d\u00e9j\u00e0 filtr\u00e9s.<\/div><\/div><div class=\"clearfix\"><\/div>Nous pouvons \u00e9galement prendre des<strong>\u00a0rendez-vous<\/strong>, g\u00e9rer votre\u00a0<strong>agenda<\/strong>, prendre le relais de votre\u00a0<strong>standard<\/strong>\u00a0en dehors de vos heures d\u2019ouvertures\u2026<\/p>\n<p>Quelle que soit votre situation, pour bien organiser votre vie professionnelle et r\u00e9duire vos frais nous mettons \u00e0 votre disposition un ensemble de services en t\u00e9l\u00e9phonie, permanents ou \u00e0 la carte, et adapt\u00e9s \u00e0 vos besoins.<\/p>\n<p>Notre \u00e9quipe r\u00e9pond en tant que secr\u00e9tariat particulier, ainsi personne ne soup\u00e7onne que vous d\u00e9l\u00e9guez ce poste.<\/p>\n<p style=\"text-align: center\"><img decoding=\"async\" loading=\"lazy\" title=\"Permanence t\u00e9l\u00e9phonique, secr\u00e9tariat m\u00e9dical\" alt=\"Permanence t\u00e9l\u00e9phonique, secr\u00e9tariat m\u00e9dical\" src=\"http:\/\/www.villacelony.com\/wp-content\/uploads\/services-tel-permanence-tel.png\" width=\"85\" height=\"85\" \/>\u00a0<img decoding=\"async\" loading=\"lazy\" title=\"Gestion d'agenda, prise de rendez-vous\" alt=\"Gestion d'agenda, prise de rendez-vous\" src=\"http:\/\/www.villacelony.com\/wp-content\/uploads\/services-tel-gestion-agenda.png\" width=\"85\" height=\"85\" \/>\u00a0<img decoding=\"async\" loading=\"lazy\" title=\"Suivi et r\u00e9exp\u00e9dition de courrier, r\u00e9ception de colis\" alt=\"Gestion du courrier\" src=\"http:\/\/www.villacelony.com\/wp-content\/uploads\/services-tel-suivi-courrier.png\" width=\"85\" height=\"85\" \/><\/p>\n<h2><strong>Vous h\u00e9sitez entre un centre d&#8217;appels ou un centre d&#8217;affaires ?<\/strong><\/h2>\n<p>&nbsp;<\/p>\n<p>Le Centre d\u2019Affaires est un professionnel au service des entreprises. Le savoir-faire est par cons\u00e9quent plus sp\u00e9cialis\u00e9 que dans un simple centre d&#8217;appels.<\/p>\n<p>Villa C\u00e9lony permet un secr\u00e9tariat t\u00e9l\u00e9phonique de\u00a0<strong>qualit\u00e9<\/strong>\u00a0et votre image de marque en est\u00a0<strong>valoris\u00e9e<\/strong>, l&#8217;accueil est\u00a0<strong>personnalis\u00e9<\/strong>.<\/p>\n<p>Par ailleurs, le Centre d&#8217;Affaires peut aussi vous proposer d&#8217;autres services disponibles qui pourront vous \u00eatre utiles : <a title=\"Location de bureaux\" href=\"http:\/\/www.villacelony.com\/services\/location-bureaux\/\">location de bureaux<\/a>, <a title=\"Prestations administratives\" href=\"http:\/\/www.villacelony.com\/services\/centre-daffaires-secretariat\/\">secr\u00e9tariat<\/a>, <a title=\"Domiciliations\" href=\"http:\/\/www.villacelony.com\/services\/domiciliations\/\">domiciliations<\/a>, <a title=\"Service de conciergerie\" href=\"http:\/\/www.villacelony.com\/services\/service-de-conciergerie\/\">service de conciergerie<\/a>.<\/p>\n<p>&nbsp;<\/p>\n<h2>Nos tarifs permanence<\/h2>\n<p>&nbsp;<\/p>\n<div class=\"styled-table\"><\/p>\n<table>\n<thead>\n<tr>\n<th>Permanence t\u00e9l\u00e9phonique<\/th>\n<th>\u20ac HT \/ mois*<\/th>\n<\/tr>\n<\/thead>\n<tbody>\n<tr>\n<td>Permanence t\u00e9l\u00e9phonique + n\u00b0 SDA<\/td>\n<td><strong>50,00<\/strong><\/td>\n<\/tr>\n<tr>\n<td>Permanence t\u00e9l\u00e9phonique\u00a0+ n\u00b0 SDA\u00a0 + prise de RDV<\/td>\n<td><strong>sur devis<\/strong><\/td>\n<\/tr>\n<tr>\n<td>Permanence t\u00e9l\u00e9phonique\u00a0+ prise de RDV<\/td>\n<td><strong>sur devis<\/strong><\/td>\n<\/tr>\n<tr>\n<td>Permanence t\u00e9l\u00e9phonique<\/td>\n<td><strong>40,00<\/strong><\/td>\n<\/tr>\n<tr>\n<td colspan=\"2\"><\/td>\n<\/tr>\n<\/tbody>\n<tfoot>\n<tr>\n<td colspan=\"2\"><em>* Tarifs de nos prestations centre d&#8217;appels,\u00a0<strong>jusqu&#8217;\u00e0 20 appels<\/strong><\/em><\/td>\n<\/tr>\n<\/tfoot>\n<\/table>\n<p><\/div>\n<span class=\"icon-text icon-link\"><a title=\"Tarifs\" href=\"http:\/\/www.villacelony.com\/tarifs\/\">TOUS NOS TARIFS<\/a><\/span>\n","protected":false},"excerpt":{"rendered":"<p>Nous pouvons \u00e9galement prendre des\u00a0rendez-vous, g\u00e9rer votre\u00a0agenda, prendre le relais de votre\u00a0standard\u00a0en dehors de vos heures d\u2019ouvertures\u2026 Quelle que soit votre situation, pour bien organiser votre vie professionnelle et r\u00e9duire&#8230;<\/p>\n","protected":false},"author":1,"featured_media":0,"parent":248,"menu_order":2,"comment_status":"closed","ping_status":"closed","template":"page-features.php","meta":[],"_links":{"self":[{"href":"http:\/\/www.villacelony.com\/es\/wp-json\/wp\/v2\/pages\/694"}],"collection":[{"href":"http:\/\/www.villacelony.com\/es\/wp-json\/wp\/v2\/pages"}],"about":[{"href":"http:\/\/www.villacelony.com\/es\/wp-json\/wp\/v2\/types\/page"}],"author":[{"embeddable":true,"href":"http:\/\/www.villacelony.com\/es\/wp-json\/wp\/v2\/users\/1"}],"replies":[{"embeddable":true,"href":"http:\/\/www.villacelony.com\/es\/wp-json\/wp\/v2\/comments?post=694"}],"version-history":[{"count":0,"href":"http:\/\/www.villacelony.com\/es\/wp-json\/wp\/v2\/pages\/694\/revisions"}],"up":[{"embeddable":true,"href":"http:\/\/www.villacelony.com\/es\/wp-json\/wp\/v2\/pages\/248"}],"wp:attachment":[{"href":"http:\/\/www.villacelony.com\/es\/wp-json\/wp\/v2\/media?parent=694"}],"curies":[{"name":"wp","href":"https:\/\/api.w.org\/{rel}","templated":true}]}}