{"id":703,"date":"2013-11-18T15:55:48","date_gmt":"2013-11-18T14:55:48","guid":{"rendered":"http:\/\/www.villacelony.com\/?page_id=703"},"modified":"2013-11-27T13:00:54","modified_gmt":"2013-11-27T12:00:54","slug":"porteria","status":"publish","type":"page","link":"http:\/\/www.villacelony.com\/es\/servicios\/porteria\/","title":{"rendered":"Porter\u00eda"},"content":{"rendered":"<p>Le Centre d\u2019Affaires Villa C\u00e9lony peut soulager votre vie au quotidien gr\u00e2ce \u00e0 nos diff\u00e9rents services de <strong>conciergerie<\/strong>.<br \/>\nNous pouvons \u00e9galement faciliter la gestion de vos impr\u00e9vus et de vos besoins.<\/p>\n<p>Pour soulager votre vie quotidienne, nous allons pour vous : au pressing, \u00e0 la cordonnerie, \u00e0 la retouche, faire les courses, effectuer les t\u00e2ches administratives, \u00e0 la Poste, faire les livraisons, les r\u00e9servations, les rendez-vous (coiffure, dentiste\u2026), les recherches\u2026<br \/>\nNous pouvons aussi accueillir vos rendez-vous \u00e0 la gare TGV ou \u00e0 l\u2019a\u00e9roport si vous ne pouvez pas \u00eatre pr\u00e9sent.<\/p>\n<p>Ainsi, plus de besoin de perdre son apr\u00e8s-midi\u00a0pour effectuer des d\u00e9marches administratives (en mairie ou \u00e0 la pr\u00e9fecture\u2026).<\/p>\n<p>&nbsp;<\/p>\n<p>Un impr\u00e9vu dans votre agenda du jour ? <a title=\"Contact et plan d'acc\u00e8s\" href=\"http:\/\/www.villacelony.com\/contact\/\">N\u2019h\u00e9sitez pas \u00e0 nous contacter <\/a>!<\/p>\n","protected":false},"excerpt":{"rendered":"<p>Le Centre d\u2019Affaires Villa C\u00e9lony peut soulager votre vie au quotidien gr\u00e2ce \u00e0 nos diff\u00e9rents services de conciergerie. Nous pouvons \u00e9galement faciliter la gestion de vos impr\u00e9vus et de vos&#8230;<\/p>\n","protected":false},"author":1,"featured_media":0,"parent":248,"menu_order":5,"comment_status":"closed","ping_status":"closed","template":"page-features.php","meta":[],"_links":{"self":[{"href":"http:\/\/www.villacelony.com\/es\/wp-json\/wp\/v2\/pages\/703"}],"collection":[{"href":"http:\/\/www.villacelony.com\/es\/wp-json\/wp\/v2\/pages"}],"about":[{"href":"http:\/\/www.villacelony.com\/es\/wp-json\/wp\/v2\/types\/page"}],"author":[{"embeddable":true,"href":"http:\/\/www.villacelony.com\/es\/wp-json\/wp\/v2\/users\/1"}],"replies":[{"embeddable":true,"href":"http:\/\/www.villacelony.com\/es\/wp-json\/wp\/v2\/comments?post=703"}],"version-history":[{"count":0,"href":"http:\/\/www.villacelony.com\/es\/wp-json\/wp\/v2\/pages\/703\/revisions"}],"up":[{"embeddable":true,"href":"http:\/\/www.villacelony.com\/es\/wp-json\/wp\/v2\/pages\/248"}],"wp:attachment":[{"href":"http:\/\/www.villacelony.com\/es\/wp-json\/wp\/v2\/media?parent=703"}],"curies":[{"name":"wp","href":"https:\/\/api.w.org\/{rel}","templated":true}]}}