{"id":709,"date":"2013-11-07T15:23:54","date_gmt":"2013-11-07T14:23:54","guid":{"rendered":"http:\/\/www.villacelony.com\/?page_id=709"},"modified":"2013-11-27T13:05:26","modified_gmt":"2013-11-27T12:05:26","slug":"marco-regulatorio","status":"publish","type":"page","link":"http:\/\/www.villacelony.com\/es\/marco-regulatorio\/","title":{"rendered":"Marco regulatorio"},"content":{"rendered":"<p><div class=\"three-fourth\">Depuis le 1<sup>er<\/sup>\u00a0avril 2010, les Centres d&#8217;Affaires sont soumis \u00e0 un agr\u00e9ment obtenu aupr\u00e8s de la Pr\u00e9fecture de leur d\u00e9partement.<\/p>\n<p>Dans le cadre de cette r\u00e8glementation, Villa C\u00e9lony doit d\u00e9tenir, pour chacune des soci\u00e9t\u00e9s domicili\u00e9es, un dossier complet contenant\u00a0:<\/p>\n<ul>\n<li>Justificatif d&#8217;identit\u00e9 du repr\u00e9sentant l\u00e9gal\u00a0;<\/li>\n<li>Justificatif de domicile du repr\u00e9sentant l\u00e9gal\u00a0;<\/li>\n<li>Coordonn\u00e9es t\u00e9l\u00e9phoniques personnelles ;<\/li>\n<li>Statuts enregistr\u00e9s de la soci\u00e9t\u00e9\u00a0;<\/li>\n<li>Kbis de moins de 3 mois\u00a0;<\/li>\n<li>Attestation pr\u00e9cisant le lieu o\u00f9 sont d\u00e9tenus les documents comptables.<\/li>\n<\/ul>\n<p>&nbsp;<\/p>\n<p>Villa C\u00e9lony est \u00e9galement tenue de transmettre aux huissiers de justice (munis d\u2019un titre ex\u00e9cutoire) tous renseignements permettant de joindre le repr\u00e9sentant l\u00e9gal.<br \/>\nVilla C\u00e9lony doit \u00e9galement informer le Tribunal de Commerce (ou la Chambre des M\u00e9tiers) si la soci\u00e9t\u00e9 domicili\u00e9e n\u2019est pas venue r\u00e9cup\u00e9rer son courrier depuis 3 mois.<\/div><div class=\"one-fourth last\"><span class=\"framed-img \"><img decoding=\"async\" loading=\"lazy\" class=\"aligncenter size-full wp-image-574\" alt=\"R\u00e8glementation et obligations\" src=\"http:\/\/www.villacelony.com\/wp-content\/uploads\/reglementation1.png\" width=\"128\" height=\"128\" \/><\/span><\/div><div class=\"clearfix\"><\/div><\/p>\n","protected":false},"excerpt":{"rendered":"","protected":false},"author":1,"featured_media":0,"parent":0,"menu_order":3,"comment_status":"closed","ping_status":"closed","template":"full-width-page.php","meta":[],"_links":{"self":[{"href":"http:\/\/www.villacelony.com\/es\/wp-json\/wp\/v2\/pages\/709"}],"collection":[{"href":"http:\/\/www.villacelony.com\/es\/wp-json\/wp\/v2\/pages"}],"about":[{"href":"http:\/\/www.villacelony.com\/es\/wp-json\/wp\/v2\/types\/page"}],"author":[{"embeddable":true,"href":"http:\/\/www.villacelony.com\/es\/wp-json\/wp\/v2\/users\/1"}],"replies":[{"embeddable":true,"href":"http:\/\/www.villacelony.com\/es\/wp-json\/wp\/v2\/comments?post=709"}],"version-history":[{"count":0,"href":"http:\/\/www.villacelony.com\/es\/wp-json\/wp\/v2\/pages\/709\/revisions"}],"wp:attachment":[{"href":"http:\/\/www.villacelony.com\/es\/wp-json\/wp\/v2\/media?parent=709"}],"curies":[{"name":"wp","href":"https:\/\/api.w.org\/{rel}","templated":true}]}}