{"id":713,"date":"2013-11-14T11:23:15","date_gmt":"2013-11-14T10:23:15","guid":{"rendered":"http:\/\/www.villacelony.com\/tarifs-2\/"},"modified":"2013-12-05T14:03:41","modified_gmt":"2013-12-05T13:03:41","slug":"tarifa","status":"publish","type":"page","link":"http:\/\/www.villacelony.com\/es\/tarifa\/","title":{"rendered":"Tarifa"},"content":{"rendered":"<p><div class=\"one-fourth\"><a title=\"Domiciliations\" href=\"http:\/\/www.villacelony.com\/services\/domiciliations\/\"><img decoding=\"async\" loading=\"lazy\" title=\"Domiciliations\" alt=\"Domiciliations et centre d'affaires\" src=\"http:\/\/www.villacelony.com\/wp-content\/uploads\/services-domiciliation-villa.png\" rel=\"PrettyPhoto[713]\" width=\"120\" height=\"84\" \/><\/a><\/div><div class=\"three-fourth last\"><div class=\"styled-table\"><\/p>\n<table>\n<thead>\n<tr>\n<th>\u00a0DOMICILIATIONS<\/th>\n<th>\u20ac HT \/ mois*<\/th>\n<\/tr>\n<\/thead>\n<tbody>\n<tr>\n<td>SI\u00c8GE SOCIAL sans r\u00e9exp\u00e9dition<\/td>\n<td><strong>42,00<\/strong><\/td>\n<\/tr>\n<tr>\n<td>SI\u00c8GE SOCIAL avec r\u00e9exp\u00e9dition<\/td>\n<td><strong>48,00<\/strong><\/td>\n<\/tr>\n<tr>\n<td>COMMERCIALE sans r\u00e9exp\u00e9dition<\/td>\n<td><strong>42,00<\/strong><\/td>\n<\/tr>\n<tr>\n<td>COMMERCIALE avec r\u00e9exp\u00e9dition<\/td>\n<td><strong>48,00<\/strong><\/td>\n<\/tr>\n<tr>\n<td>PARTICULIER sans r\u00e9exp\u00e9dition<\/td>\n<td><strong>35,00<\/strong><\/td>\n<\/tr>\n<tr>\n<td>PARTICULIER avec r\u00e9exp\u00e9dition<\/td>\n<td><strong>38,00<\/strong><\/td>\n<\/tr>\n<\/tbody>\n<tfoot>\n<tr>\n<td colspan=\"2\"><em>* Hors frais d&#8217;affranchissement<\/em><\/td>\n<\/tr>\n<\/tfoot>\n<\/table>\n<p><\/div><\/div><div class=\"clearfix\"><\/div><div class=\"one-fourth\"><a title=\"Secr\u00e9tariat t\u00e9l\u00e9phonique\" href=\"http:\/\/www.villacelony.com\/services\/secretariat-telephonique\/\"><img decoding=\"async\" loading=\"lazy\" title=\"Secr\u00e9tariat t\u00e9l\u00e9phonique personnalis\u00e9\" alt=\"Secr\u00e9tariat t\u00e9l\u00e9phonique\" src=\"http:\/\/www.villacelony.com\/wp-content\/uploads\/services-secretariat-tel-villa.png\" rel=\"PrettyPhoto[713]\" width=\"120\" height=\"84\" \/><\/a><\/div><div class=\"three-fourth last\"><div class=\"styled-table\"><\/p>\n<table>\n<thead>\n<tr>\n<th>\u00a0SECRETARIAT TELEPHONIQUE<\/th>\n<th>\u20ac HT \/ mois*<\/th>\n<\/tr>\n<\/thead>\n<tbody>\n<tr>\n<td>Permanence t\u00e9l\u00e9phonique<\/td>\n<td><strong>40,00<\/strong><\/td>\n<\/tr>\n<tr>\n<td>Permanence t\u00e9l\u00e9phonique + n\u00b0 SDA<\/td>\n<td><strong>50,00<\/strong><\/td>\n<\/tr>\n<tr>\n<td>Permanence t\u00e9l\u00e9phonique\u00a0+ n\u00b0 SDA\u00a0 + prise de RDV<\/td>\n<td><strong>sur devis<\/strong><\/td>\n<\/tr>\n<tr>\n<td>Permanence t\u00e9l\u00e9phonique\u00a0+ prise de RDV<\/td>\n<td><strong>sur devis<\/strong><\/td>\n<\/tr>\n<\/tbody>\n<tfoot>\n<tr>\n<td colspan=\"2\"><em>* Tarifs de nos prestations centre d&#8217;appels,\u00a0<strong>jusqu&#8217;\u00e0 20 appels<\/strong><\/em><\/td>\n<\/tr>\n<\/tfoot>\n<\/table>\n<p><\/div><\/div><div class=\"clearfix\"><\/div><div class=\"one-fourth\"><a title=\"Prestations administratives\" href=\"http:\/\/www.villacelony.com\/services\/centre-daffaires-secretariat\/\"><img decoding=\"async\" loading=\"lazy\" title=\"Prestations administratives\" alt=\"Prestations administratives\" src=\"http:\/\/www.villacelony.com\/wp-content\/uploads\/services-presta-admin-villa.png\" rel=\"PrettyPhoto[713]\" width=\"120\" height=\"84\" \/><\/a><\/div><div class=\"three-fourth last\"><div class=\"styled-table\"><\/p>\n<table>\n<thead>\n<tr>\n<th colspan=\"2\">\u00a0PRESTATIONS ADMINISTRATIVES<\/th>\n<th>\u20ac HT<\/th>\n<\/tr>\n<\/thead>\n<tbody>\n<tr>\n<td>COURRIER<\/td>\n<td>Suivi courrier<\/td>\n<td><strong>25,00<\/strong><\/td>\n<\/tr>\n<tr>\n<td><\/td>\n<td>Enveloppe<\/td>\n<td><strong>0,30<\/strong><\/td>\n<\/tr>\n<tr>\n<td><\/td>\n<td>Mail envoy\u00e9<\/td>\n<td><strong>2,00<\/strong><\/td>\n<\/tr>\n<tr>\n<td>TELEPHONIE<\/td>\n<td>Fax d\u00e9part<\/td>\n<td><strong>0,50<\/strong><\/td>\n<\/tr>\n<tr>\n<td><\/td>\n<td>Fax arriv\u00e9e<\/td>\n<td><strong>0,30<\/strong><\/td>\n<\/tr>\n<tr>\n<td><\/td>\n<td>Appel \u00e9mis<\/td>\n<td><strong>1,00<\/strong><\/td>\n<\/tr>\n<tr>\n<td><\/td>\n<td>SMS envoy\u00e9<\/td>\n<td><strong>0,80<\/strong><\/td>\n<\/tr>\n<tr>\n<td>COPIES<\/td>\n<td>Impression noir et blanc<\/td>\n<td><strong>0,30<\/strong><\/td>\n<\/tr>\n<tr>\n<td><\/td>\n<td>Impression couleur<\/td>\n<td><strong>1,00<\/strong><\/td>\n<\/tr>\n<tr>\n<td><\/td>\n<td>Photocopie A4<\/td>\n<td><strong>0,15<\/strong><\/td>\n<\/tr>\n<tr>\n<td><\/td>\n<td>Photocopie A3<\/td>\n<td><strong>0,30<\/strong><\/td>\n<\/tr>\n<tr>\n<td>DACTYLO<\/td>\n<td>Dactylographie &#8211; la page<\/td>\n<td><strong>5,00<\/strong><\/td>\n<\/tr>\n<tr>\n<td><\/td>\n<td>Dactylographie &#8211; l&#8217;heure<\/td>\n<td><strong>25,00<\/strong><\/td>\n<\/tr>\n<tr>\n<td>PUBLIPOSTAGE<\/td>\n<td><\/td>\n<td><strong>sur devis<\/strong><\/td>\n<\/tr>\n<tr>\n<td>(E)MAILING<\/td>\n<td><\/td>\n<td><strong>sur devis<\/strong><\/td>\n<\/tr>\n<\/tbody>\n<tfoot>\n<tr>\n<td colspan=\"3\"><em>* Tarifs de nos prestations centre d&#8217;affaires traditionnelles.<br \/>\n<\/em><em><strong>Gestion administrative sur devis<\/strong><\/em><\/td>\n<\/tr>\n<\/tfoot>\n<\/table>\n<p><\/div><\/div><div class=\"clearfix\"><\/div><div class=\"one-fourth\"><a title=\"Location de bureaux\" href=\"http:\/\/www.villacelony.com\/services\/location-bureaux\/\"><img decoding=\"async\" loading=\"lazy\" title=\"Location de bureaux meubl\u00e9s\" alt=\"Location de bureaux meubl\u00e9s\" src=\"http:\/\/www.villacelony.com\/wp-content\/uploads\/services-location-bureaux-villa.png\" rel=\"PrettyPhoto[713]\" width=\"120\" height=\"84\" \/><\/a><\/div><div class=\"three-fourth last\"><div class=\"styled-table\"><\/p>\n<table>\n<thead>\n<tr>\n<th>\u00a0LOCATION DE BUREAUX<\/th>\n<th>\u20ac HT<\/th>\n<\/tr>\n<\/thead>\n<tbody>\n<tr>\n<td>Mensuel<\/td>\n<td><strong>De 350,00 \u00e0 550,00\u00a0par mois<\/strong><\/td>\n<\/tr>\n<tr>\n<td>Journ\u00e9e<\/td>\n<td><strong>80,00<\/strong><\/td>\n<\/tr>\n<tr>\n<td>Demi Journ\u00e9e<\/td>\n<td><strong>50,00<\/strong><\/td>\n<\/tr>\n<tr>\n<td>Heure<\/td>\n<td><strong>20,00<\/strong><\/td>\n<\/tr>\n<\/tbody>\n<tfoot>\n<tr>\n<td colspan=\"2\"><em>* Tarifs de location de nos bureaux meubl\u00e9s<br \/>\n<strong>Internet, EdF, Clim r\u00e9versible, Espace cuisine commune et Entretien INCLUS<\/strong><\/em><\/td>\n<\/tr>\n<\/tfoot>\n<\/table>\n<p><\/div><\/div><div class=\"clearfix\"><\/div><\/p>\n<p><div class=\"one-fourth\"><a title=\"Service de conciergerie\" href=\"http:\/\/www.villacelony.com\/services\/service-de-conciergerie\/\"><img decoding=\"async\" loading=\"lazy\" title=\"Service de conciergerie\" alt=\"Service de conciergerie\" src=\"http:\/\/www.villacelony.com\/wp-content\/uploads\/services-conciergerie-villa.png\" rel=\"PrettyPhoto[713]\" width=\"120\" height=\"84\" \/><\/a><\/div><div class=\"three-fourth last\"><div class=\"styled-table\"><\/p>\n<table>\n<thead>\n<tr>\n<th>\u00a0SERVICE DE CONCIERGERIE<\/th>\n<th>\u20ac HT<\/th>\n<\/tr>\n<\/thead>\n<tbody>\n<tr>\n<td>Nous contacter<\/td>\n<td><strong>sur devis<\/strong><\/td>\n<\/tr>\n<tr>\n<td><\/td>\n<td><strong>\u00a0<\/strong><\/td>\n<\/tr>\n<\/tbody>\n<tfoot>\n<tr>\n<td colspan=\"2\"><i>\u00a0<\/i><\/td>\n<\/tr>\n<\/tfoot>\n<\/table>\n<p><\/div><\/div><div class=\"clearfix\"><\/div><\/p>\n<p><div class=\"one-fourth\"><a title=\"Packs sur mesure\" href=\"http:\/\/www.villacelony.com\/packs\/\"><img decoding=\"async\" loading=\"lazy\" title=\"Sur mesure : domiciliation, location de bureau et prestations administratives\" alt=\"Sur mesure : domiciliation, location de bureau et prestations administratives\" src=\"http:\/\/www.villacelony.com\/wp-content\/uploads\/pack-plus-visuel-160.png\" rel=\"PrettyPhoto[713]\" width=\"120\" height=\"120\" \/><\/a><\/div><div class=\"three-fourth last\"><div class=\"styled-table\"><\/p>\n<table>\n<thead>\n<tr>\n<th>\u00a0PACKS SUR MESURE<\/th>\n<th>\u20ac HT<\/th>\n<\/tr>\n<\/thead>\n<tbody>\n<tr>\n<td>Cr\u00e9ateur d&#8217;entreprise<\/td>\n<td><strong>1000,00<\/strong><\/td>\n<\/tr>\n<tr>\n<td>D\u00e9marrage d&#8217;entreprise<\/td>\n<td><strong>sur devis<\/strong><strong><\/strong><\/td>\n<\/tr>\n<tr>\n<td>International<\/td>\n<td><strong>sur devis<\/strong><\/td>\n<\/tr>\n<tr>\n<td>Libert\u00e9<\/td>\n<td><strong>\u00e0 partir de 80,00 \u20ac HT<\/strong><\/td>\n<\/tr>\n<tr>\n<td>Plus<\/td>\n<td><strong>\u00e0 partir de 80,00 \u20ac HT<\/strong><\/td>\n<\/tr>\n<\/tbody>\n<tfoot>\n<tr>\n<td colspan=\"2\"><\/td>\n<\/tr>\n<\/tfoot>\n<\/table>\n<p><\/div><\/div><div class=\"clearfix\"><\/div><\/p>\n<p>&nbsp;<\/p>\n","protected":false},"excerpt":{"rendered":"<p>&nbsp;<\/p>\n","protected":false},"author":1,"featured_media":0,"parent":0,"menu_order":4,"comment_status":"closed","ping_status":"closed","template":"","meta":[],"_links":{"self":[{"href":"http:\/\/www.villacelony.com\/es\/wp-json\/wp\/v2\/pages\/713"}],"collection":[{"href":"http:\/\/www.villacelony.com\/es\/wp-json\/wp\/v2\/pages"}],"about":[{"href":"http:\/\/www.villacelony.com\/es\/wp-json\/wp\/v2\/types\/page"}],"author":[{"embeddable":true,"href":"http:\/\/www.villacelony.com\/es\/wp-json\/wp\/v2\/users\/1"}],"replies":[{"embeddable":true,"href":"http:\/\/www.villacelony.com\/es\/wp-json\/wp\/v2\/comments?post=713"}],"version-history":[{"count":1,"href":"http:\/\/www.villacelony.com\/es\/wp-json\/wp\/v2\/pages\/713\/revisions"}],"predecessor-version":[{"id":846,"href":"http:\/\/www.villacelony.com\/es\/wp-json\/wp\/v2\/pages\/713\/revisions\/846"}],"wp:attachment":[{"href":"http:\/\/www.villacelony.com\/es\/wp-json\/wp\/v2\/media?parent=713"}],"curies":[{"name":"wp","href":"https:\/\/api.w.org\/{rel}","templated":true}]}}